{"id":845,"date":"2021-12-23T17:53:04","date_gmt":"2021-12-23T20:53:04","guid":{"rendered":"https:\/\/aliancaurbanismo.com.br\/?page_id=845"},"modified":"2021-12-23T17:53:04","modified_gmt":"2021-12-23T20:53:04","slug":"politica-de-cookies","status":"publish","type":"page","link":"https:\/\/aliancaurbanismo.com.br\/?page_id=845","title":{"rendered":"Pol\u00edtica de Cookies"},"content":{"rendered":"<p>A\u00a0<strong>Alian\u00e7a Urbanismo <\/strong>garante a seguran\u00e7a, o sigilo e a privacidade das informa\u00e7\u00f5es fornecidas pelos usu\u00e1rios em seus sites.<\/p>\n<p>&nbsp;<\/p>\n<p>&nbsp;<\/p>\n<p>Para oferecer um atendimento mais personalizado e direcionado \u00e0s suas prefer\u00eancias, processar eventuais pedidos e reclama\u00e7\u00f5es, inform\u00e1-lo sobre promo\u00e7\u00f5es e lan\u00e7amentos, \u00e9 importante coletarmos algumas informa\u00e7\u00f5es pessoais.<\/p>\n<p>&nbsp;<\/p>\n<p>&nbsp;<\/p>\n<p>Os dados cadastrais s\u00e3o protegidos por criptografia, dificultando que as informa\u00e7\u00f5es que trafegam pela Internet sejam decifradas. Al\u00e9m disso, s\u00e3o armazenados em um banco de dados e mantidos em sigilo absoluto, com acesso restrito \u00e0s pessoas habilitadas, que s\u00e3o obrigadas, por contrato, a manter a confidencialidade das informa\u00e7\u00f5es e n\u00e3o utiliz\u00e1-las inadequadamente.<\/p>\n<p>&nbsp;<\/p>\n<p>&nbsp;<\/p>\n<p>Utilizamos uma tecnologia chamada \u201ccookie\u201d para que nosso sistema reconhe\u00e7a o seu perfil e possa, dessa forma, oferecer um conte\u00fado espec\u00edfico baseado em suas necessidades e interesses. \u00c9 importante informar que os \u201ccookies\u201d n\u00e3o executam programas nem infectam computadores com v\u00edrus, e s\u00f3 podem ser lidos por n\u00f3s.<\/p>\n<p>&nbsp;<\/p>\n<p>&nbsp;<\/p>\n<p><b>COOKIES<\/b><\/p>\n<p>Cookies s\u00e3o pequenos arquivos de texto enviados pelo site ao computador do usu\u00e1rio e que nele ficam armazenados, com informa\u00e7\u00f5es relacionadas \u00e0 navega\u00e7\u00e3o do site.<\/p>\n<p>Por meio de cookies, pequenas quantidades de informa\u00e7\u00e3o s\u00e3o armazenadas pelo navegador do usu\u00e1rio para que nosso servidor possa l\u00ea-las posteriormente.<\/p>\n<p>\u00c9 importante ressaltar que nem todo cookie cont\u00e9m informa\u00e7\u00f5es que permitem a identifica\u00e7\u00e3o do usu\u00e1rio, sendo que determinados tipos de cookies podem ser empregados simplesmente para que o site seja carregado corretamente ou para que suas funcionalidades funcionem de modo esperado.<\/p>\n<p>Os cookies do site s\u00e3o aqueles enviados ao computador ou dispositivo do usu\u00e1rio e administrador exclusivamente pelo site.<\/p>\n<p>As informa\u00e7\u00f5es coletadas por meio destes cookies s\u00e3o utilizadas para melhorar e personalizar a experi\u00eancia do usu\u00e1rio, sendo que alguns podem, por exemplo, ser utilizados para lembrar as prefer\u00eancias e escolhas do usu\u00e1rio, bem como para o oferecimento de conte\u00fado personalizado.<\/p>\n<p>A ALIAN\u00c7A URBANISMO utiliza cookies e tecnologias similares, como pixels e tags, para certificar-se de que os servi\u00e7os prestados est\u00e3o de acordo com o melhor padr\u00e3o esperado pelo Usu\u00e1rio. Os cookies recolhidos pela ALIAN\u00c7A fornecem somente estat\u00edsticas e n\u00e3o ser\u00e3o utilizados para prop\u00f3sitos diversos dos expressamente previstos nesta Pol\u00edtica de Privacidade, sendo que somente ser\u00e3o compartilhados com eventuais parceiros do site, buscando o aprimoramento dos produtos e servi\u00e7os ofertados ao usu\u00e1rio.<\/p>\n<p><b>Cookies de terceiros<\/b><\/p>\n<p>Cookies de terceiros s\u00e3o cookies n\u00e3o definidos pela ALIAN\u00c7A, mas por terceiros que visam coletar informa\u00e7\u00f5es dos usu\u00e1rios que visitam o site, sobre o seu comportamento, dados de geolocaliza\u00e7\u00e3o e\/ou marketing personalizado.<\/p>\n<p>Ao utilizar o site ou a PLATAFORMA o usu\u00e1rio poder\u00e1 visualizar conte\u00fado de terceiros e ser direcionado para seus sites, que por sua vez tamb\u00e9m utilizam cookies e tecnologias semelhantes. Ainda que voc\u00ea tenha chega ao site do terceiro atrav\u00e9s do nosso, n\u00e3o temos qualquer controle sobre quais os cookies ele utiliza e sobre como trata seus dados, sendo aconselh\u00e1vel a consulta \u00e0 Pol\u00edtica de Cookies dos terceiros.<\/p>\n<p>Abaixo est\u00e1 uma lista dos cookies que voc\u00ea poder\u00e1 encontrar em nosso site e uma breve descri\u00e7\u00e3o da finalidade deles:<\/p>\n<p><b>Bing Ads (Microsoft Advertising)<\/b><\/p>\n<p>O Bing Ads \u00e9 uma plataforma de links patrocinados originada da parceria entre Microsoft e Yahoo.<\/p>\n<p>Leia mais em:\u00a0<a href=\"https:\/\/about.ads.microsoft.com\/en-us\/resources\/policies\/privacy-and-data-protection-policies\">https:\/\/about.ads.microsoft.com\/en-us\/resources\/policies\/privacy-and-data-protection-policies<\/a><\/p>\n<p>&nbsp;<\/p>\n<p><b>Facebook Ads<\/b><\/p>\n<p>O Facebook Ads \u00e9 a ferramenta de m\u00eddia do Facebook.<\/p>\n<p>Leia mais em:\u00a0<a href=\"https:\/\/www.facebook.com\/policy\/cookies\/\">https:\/\/www.facebook.com\/policy\/cookies\/<\/a><\/p>\n<p>&nbsp;<\/p>\n<p><b>Google Analytics<\/b><\/p>\n<p>O Google Analytics \u00e9 uma ferramenta que permite analisar o comportamento ou engajamento dos usu\u00e1rios em um site\/app.<\/p>\n<p>De acordo com os termos da LGPD, o Google Analytics \u00e9 considerado um processador de dados.<\/p>\n<p>O Google Analytics coleta cookies prim\u00e1rios, dados relacionados ao dispositivo\/navegador, o endere\u00e7o IP e as atividades no site\/app para avaliar e coletar estat\u00edsticas sobre as intera\u00e7\u00f5es dos usu\u00e1rios nos sites e\/ou aplicativos que o utilizam.<\/p>\n<p>Os cookies de publicidade do Google s\u00e3o coletados e utilizados para ativar funcionalidades como o remarketing na Rede de Display do Google.<\/p>\n<p>O Google pro\u00edbe o envio de informa\u00e7\u00f5es de identifica\u00e7\u00e3o pessoal (PII) dos usu\u00e1rio ao Google Analytics.<\/p>\n<p>Leia mais em:\u00a0<a href=\"https:\/\/support.google.com\/analytics\/answer\/6004245?hl=pt-BR\">https:\/\/support.google.com\/analytics\/answer\/6004245?hl=pt-BR<\/a><\/p>\n<p>&nbsp;<\/p>\n<p><b>Google Ads<\/b><\/p>\n<p>O Google Ads \u00e9 a ferramenta de m\u00eddia publicit\u00e1ria do Google.<\/p>\n<p>Leia mais em:\u00a0<a href=\"https:\/\/policies.google.com\/technologies\/ads?hl=pt-BR&amp;hl=pt_BR\">https:\/\/policies.google.com\/technologies\/ads?hl=pt-BR&amp;hl=pt_BR<\/a><\/p>\n<p>&nbsp;<\/p>\n<p><b>Google Optimize<\/b><\/p>\n<p>O Google Optimize \u00e9 a ferramenta do Google para realiza\u00e7\u00e3o de testes A\/B de navega\u00e7\u00e3o dos usu\u00e1rios.<\/p>\n<p>Leia mais em:\u00a0<a href=\"https:\/\/developers.google.com\/analytics\/devguides\/collection\/analyticsjs\/cookie-usage\">https:\/\/developers.google.com\/analytics\/devguides\/collection\/analyticsjs\/cookie-usage<\/a><\/p>\n<p>&nbsp;<\/p>\n<p><b>Hotjar\u00a0<\/b><\/p>\n<p>O Hotjar \u00e9 uma ferramenta de an\u00e1lise de comportamento que analisa o uso do site, fornecendo feedback por meio de ferramentas como mapas de calor, grava\u00e7\u00f5es de sess\u00f5es e pesquisas.<\/p>\n<p>Leia mais em:\u00a0<a href=\"https:\/\/www.hotjar.com\/legal\/policies\/privacy\/\">https:\/\/www.hotjar.com\/legal\/policies\/privacy\/<\/a><\/p>\n<p>&nbsp;<\/p>\n<p><b>LinkedIn Ads<\/b><\/p>\n<p>O LinkedIn Ads \u00e9 a ferramenta de m\u00eddia do LinkedIn.<\/p>\n<p>Leia mais em:\u00a0<a href=\"https:\/\/www.linkedin.com\/legal\/privacy-policy\">https:\/\/www.linkedin.com\/legal\/privacy-policy<\/a><\/p>\n<p>&nbsp;<\/p>\n<p><b>Twitter Ads<\/b><\/p>\n<p>O Twitter Ads \u00e9 a ferramenta de m\u00eddia do Twitter.<\/p>\n<p>Leia mais em:\u00a0<a href=\"https:\/\/help.twitter.com\/pt\/rules-and-policies\/twitter-cookies\">https:\/\/help.twitter.com\/pt\/rules-and-policies\/twitter-cookies<\/a><\/p>\n<p>&nbsp;<\/p>\n<p><b>RD Station<\/b><\/p>\n<p>O RD Station Marketing \u00e9 uma ferramenta para automa\u00e7\u00e3o de Marketing Digital.<\/p>\n<p>Leia mais em:\u00a0<a href=\"https:\/\/ajuda.rdstation.com.br\/hc\/pt-br\/articles\/360043909071-Orienta%C3%A7%C3%B5es-sobre-o-uso-de-cookies\">https:\/\/ajuda.rdstation.com.br\/hc\/pt-br\/articles\/360043909071-Orienta%C3%A7%C3%B5es-sobre-o-uso-de-cookies<\/a><\/p>\n<p>&nbsp;<\/p>\n<p><b>Como gerenciar os Cookies<\/b><\/p>\n<p>Por meio de seu navegador os CONTRATANTES e Usu\u00e1rios tamb\u00e9m podem desativar muitos dos cookies utilizados na PLATAFORMA. Para tanto, basta seguir as instru\u00e7\u00f5es gerais localizadas em cada um dos navegadores.<\/p>\n<p>Al\u00e9m disso, ao acessar a PLATAFORMA os CONTRATANTES e Usu\u00e1rios ter\u00e3o a op\u00e7\u00e3o de personalizar suas prefer\u00eancias de cookies. Aqui\u00a0 al\u00e9m de personalizar os cookies, os CONTRATANTES e Usu\u00e1rios registrar\u00e3o o consentimento com esta Pol\u00edtica e sempre que ela for alterada, a ci\u00eancia ser\u00e1 novamente coletada para assegurar que CONTRATANTES e Usu\u00e1rios se mantenham atualizados e de acordo com as altera\u00e7\u00f5es realizadas.<\/p>\n","protected":false},"excerpt":{"rendered":"<p>A\u00a0Alian\u00e7a Urbanismo garante a seguran\u00e7a, o sigilo e a privacidade das informa\u00e7\u00f5es fornecidas pelos usu\u00e1rios em seus sites. &nbsp; &nbsp; Para oferecer um atendimento mais personalizado e direcionado \u00e0s suas prefer\u00eancias, processar eventuais pedidos e reclama\u00e7\u00f5es, inform\u00e1-lo sobre promo\u00e7\u00f5es e lan\u00e7amentos, \u00e9 importante coletarmos algumas informa\u00e7\u00f5es pessoais. &nbsp; &nbsp; Os dados cadastrais s\u00e3o protegidos por [&hellip;]<\/p>\n","protected":false},"author":1,"featured_media":0,"parent":0,"menu_order":0,"comment_status":"closed","ping_status":"closed","template":"","meta":[],"_links":{"self":[{"href":"https:\/\/aliancaurbanismo.com.br\/index.php?rest_route=\/wp\/v2\/pages\/845"}],"collection":[{"href":"https:\/\/aliancaurbanismo.com.br\/index.php?rest_route=\/wp\/v2\/pages"}],"about":[{"href":"https:\/\/aliancaurbanismo.com.br\/index.php?rest_route=\/wp\/v2\/types\/page"}],"author":[{"embeddable":true,"href":"https:\/\/aliancaurbanismo.com.br\/index.php?rest_route=\/wp\/v2\/users\/1"}],"replies":[{"embeddable":true,"href":"https:\/\/aliancaurbanismo.com.br\/index.php?rest_route=%2Fwp%2Fv2%2Fcomments&post=845"}],"version-history":[{"count":1,"href":"https:\/\/aliancaurbanismo.com.br\/index.php?rest_route=\/wp\/v2\/pages\/845\/revisions"}],"predecessor-version":[{"id":846,"href":"https:\/\/aliancaurbanismo.com.br\/index.php?rest_route=\/wp\/v2\/pages\/845\/revisions\/846"}],"wp:attachment":[{"href":"https:\/\/aliancaurbanismo.com.br\/index.php?rest_route=%2Fwp%2Fv2%2Fmedia&parent=845"}],"curies":[{"name":"wp","href":"https:\/\/api.w.org\/{rel}","templated":true}]}}